{"id":6,"date":"2021-12-08T04:10:02","date_gmt":"2021-12-08T04:10:02","guid":{"rendered":"https:\/\/coopdemers.ca\/?page_id=6"},"modified":"2022-03-07T19:09:32","modified_gmt":"2022-03-07T19:09:32","slug":"cooperative-dhabitation-demers","status":"publish","type":"page","link":"https:\/\/coopdemers.ca\/fr\/","title":{"rendered":"Coop\u00e9rative d&#8217;Habitation Demers"},"content":{"rendered":"<div class=\"wp-block-group alignwide\"><div class=\"wp-block-group__inner-container is-layout-flow wp-block-group-is-layout-flow\">\n<h2 class=\"has-text-align-center wp-block-heading\" id=\"bienvenue-chez-nous-welcome-to-our-community\">Bienvenue chez nous. Welcome to our community.<\/h2>\n<\/div><\/div>\n\n\n\n<div class=\"wp-block-columns alignwide has-subtle-background-background-color has-background is-layout-flex wp-container-core-columns-is-layout-9d6595d7 wp-block-columns-is-layout-flex\">\n<div class=\"wp-block-column is-vertically-aligned-center is-layout-flow wp-block-column-is-layout-flow\" style=\"flex-basis:100%\">\n<div class=\"wp-block-group\"><div class=\"wp-block-group__inner-container is-layout-flow wp-block-group-is-layout-flow\">\n<p class=\"has-text-align-center has-normal-font-size\"><strong>Nous sommes une coop\u00e9rative d'habitation de vingt-huit appartements situ\u00e9e sur la rue Heather au coin de la 16i\u00e8me Avenue \u00e0 Vancouver.<\/strong>.<\/p>\n\n\n\n<p class=\"has-text-align-center\">Notre coop\u00e9rative vise \u00e0 cr\u00e9er un foyer abordable, s\u00e9curitaire et inclusif qui c\u00e9l\u00e8bre la culture et la communaut\u00e9 francophone. Nous croyons aux valeurs suivantes : abordabilit\u00e9, participation, harmonie\/paix d'esprit, d\u00e9mocratie et respect.<\/p>\n\n\n\n<blockquote class=\"wp-block-quote has-text-align-center is-layout-flow wp-block-quote-is-layout-flow\"><p><strong>Si vous souhaitez rejoindre notre communaut\u00e9, veuillez cliquer ci-dessous pour t\u00e9l\u00e9charger notre fiche d'information et notre formulaire de candidature.<\/strong>. <\/p><cite>Merci.<\/cite><\/blockquote>\n<\/div><\/div>\n<\/div>\n<\/div>\n\n\n\n<div class=\"wp-block-buttons is-layout-flex wp-block-buttons-is-layout-flex\">\n<div class=\"wp-block-button has-custom-width wp-block-button__width-100\"><a class=\"wp-block-button__link has-vivid-cyan-blue-background-color has-background\" href=\"https:\/\/coopdemers.ca\/wp-content\/uploads\/2022\/02\/CDD_APPLICATION.pdf\">T\u00e9l\u00e9charger les informations + le formulaire de demande<\/a><\/div>\n<\/div>\n\n\n\n<div class=\"wp-block-group alignwide\"><div class=\"wp-block-group__inner-container is-layout-flow wp-block-group-is-layout-flow\">\n<hr class=\"wp-block-separator\"\/>\n<\/div><\/div>\n\n\n\n<p><\/p>","protected":false},"excerpt":{"rendered":"<p>Bienvenue chez nous. Welcome to our community. We are a twenty-eight unit housing cooperative located on Heather Street at 16th Avenue in Vancouver. Our cooperative aims to create an affordable, safe and inclusive home that celebrates francophone culture and community. We believe in the following values: affordability, participation, harmony\/peace of mind, democracy and respect. If &hellip; <\/p>\n<p class=\"link-more\"><a href=\"https:\/\/coopdemers.ca\/fr\/\" class=\"more-link\">Continuer la lecture<span class=\"screen-reader-text\"> de &laquo;&nbsp;Coop\u00e9rative d&#8217;Habitation Demers&nbsp;&raquo;<\/span><\/a><\/p>","protected":false},"author":1,"featured_media":41,"parent":0,"menu_order":0,"comment_status":"open","ping_status":"closed","template":"","meta":{"footnotes":""},"class_list":["post-6","page","type-page","status-publish","has-post-thumbnail","hentry"],"_links":{"self":[{"href":"https:\/\/coopdemers.ca\/fr\/wp-json\/wp\/v2\/pages\/6","targetHints":{"allow":["GET"]}}],"collection":[{"href":"https:\/\/coopdemers.ca\/fr\/wp-json\/wp\/v2\/pages"}],"about":[{"href":"https:\/\/coopdemers.ca\/fr\/wp-json\/wp\/v2\/types\/page"}],"author":[{"embeddable":true,"href":"https:\/\/coopdemers.ca\/fr\/wp-json\/wp\/v2\/users\/1"}],"replies":[{"embeddable":true,"href":"https:\/\/coopdemers.ca\/fr\/wp-json\/wp\/v2\/comments?post=6"}],"version-history":[{"count":42,"href":"https:\/\/coopdemers.ca\/fr\/wp-json\/wp\/v2\/pages\/6\/revisions"}],"predecessor-version":[{"id":238,"href":"https:\/\/coopdemers.ca\/fr\/wp-json\/wp\/v2\/pages\/6\/revisions\/238"}],"wp:featuredmedia":[{"embeddable":true,"href":"https:\/\/coopdemers.ca\/fr\/wp-json\/wp\/v2\/media\/41"}],"wp:attachment":[{"href":"https:\/\/coopdemers.ca\/fr\/wp-json\/wp\/v2\/media?parent=6"}],"curies":[{"name":"wp","href":"https:\/\/api.w.org\/{rel}","templated":true}]}}